{"id":33,"date":"2021-10-27T18:07:36","date_gmt":"2021-10-27T18:07:36","guid":{"rendered":"https:\/\/svenskiptv.org\/?page_id=33"},"modified":"2025-01-10T14:04:47","modified_gmt":"2025-01-10T14:04:47","slug":"information","status":"publish","type":"page","link":"https:\/\/svenskiptv.org\/nb\/hjelp\/informasjon\/","title":{"rendered":"Informasjon"},"content":{"rendered":"","protected":false},"excerpt":{"rendered":"","protected":false},"author":2,"featured_media":0,"parent":31,"menu_order":0,"comment_status":"closed","ping_status":"closed","template":"","meta":{"footnotes":""},"class_list":["post-33","page","type-page","status-publish","hentry"],"yoast_head":"<!-- This site is optimized with the Yoast SEO plugin v25.9 - https:\/\/yoast.com\/wordpress\/plugins\/seo\/ -->\n<title>Information - Svensk IPTV<\/title>\n<meta name=\"description\" content=\"IPTV \u00e4r ett helt nytt s\u00e4tt att titta p\u00e5 TV. Du beh\u00f6ver ingen antenn, parabol eller n\u00e5gon annan form utav utrustning. Det enda du beh\u00f6ver \u00e4r en internetuppkoppling med minst 20 Mbit\/s.\" \/>\n<meta name=\"robots\" content=\"index, follow, max-snippet:-1, max-image-preview:large, max-video-preview:-1\" \/>\n<link rel=\"canonical\" href=\"https:\/\/svenskiptv.org\/nb\/hjelp\/informasjon\/\" \/>\n<meta property=\"og:locale\" content=\"nb_NO\" \/>\n<meta property=\"og:type\" content=\"article\" \/>\n<meta property=\"og:title\" content=\"Information - Svensk IPTV\" \/>\n<meta property=\"og:description\" content=\"IPTV \u00e4r ett helt nytt s\u00e4tt att titta p\u00e5 TV. Du beh\u00f6ver ingen antenn, parabol eller n\u00e5gon annan form utav utrustning. Det enda du beh\u00f6ver \u00e4r en internetuppkoppling med minst 20 Mbit\/s.\" \/>\n<meta property=\"og:url\" content=\"https:\/\/svenskiptv.org\/nb\/hjelp\/informasjon\/\" \/>\n<meta property=\"og:site_name\" content=\"Svensk IPTV\" \/>\n<meta property=\"article:modified_time\" content=\"2025-01-10T14:04:47+00:00\" \/>\n<meta name=\"twitter:card\" content=\"summary_large_image\" \/>\n<meta name=\"twitter:label1\" content=\"Ansl. lesetid\" \/>\n\t<meta name=\"twitter:data1\" content=\"2 minutter\" \/>\n<script type=\"application\/ld+json\" class=\"yoast-schema-graph\">{\"@context\":\"https:\/\/schema.org\",\"@graph\":[{\"@type\":\"WebPage\",\"@id\":\"https:\/\/svenskiptv.org\/hjalp\/information\/\",\"url\":\"https:\/\/svenskiptv.org\/hjalp\/information\/\",\"name\":\"Information - Svensk IPTV\",\"isPartOf\":{\"@id\":\"https:\/\/svenskiptv.org\/#website\"},\"datePublished\":\"2021-10-27T18:07:36+00:00\",\"dateModified\":\"2025-01-10T14:04:47+00:00\",\"description\":\"IPTV \u00e4r ett helt nytt s\u00e4tt att titta p\u00e5 TV. Du beh\u00f6ver ingen antenn, parabol eller n\u00e5gon annan form utav utrustning. Det enda du beh\u00f6ver \u00e4r en internetuppkoppling med minst 20 Mbit\/s.\",\"breadcrumb\":{\"@id\":\"https:\/\/svenskiptv.org\/hjalp\/information\/#breadcrumb\"},\"inLanguage\":\"nb-NO\",\"potentialAction\":[{\"@type\":\"ReadAction\",\"target\":[\"https:\/\/svenskiptv.org\/hjalp\/information\/\"]}]},{\"@type\":\"BreadcrumbList\",\"@id\":\"https:\/\/svenskiptv.org\/hjalp\/information\/#breadcrumb\",\"itemListElement\":[{\"@type\":\"ListItem\",\"position\":1,\"name\":\"Home\",\"item\":\"https:\/\/svenskiptv.org\/\"},{\"@type\":\"ListItem\",\"position\":2,\"name\":\"Hj\u00e4lp\",\"item\":\"https:\/\/svenskiptv.org\/hjalp\/\"},{\"@type\":\"ListItem\",\"position\":3,\"name\":\"Information\"}]},{\"@type\":\"WebSite\",\"@id\":\"https:\/\/svenskiptv.org\/#website\",\"url\":\"https:\/\/svenskiptv.org\/\",\"name\":\"Svensk IPTV\",\"description\":\"St\u00f6rsta leverant\u00f6ren inom IPTV i Sverige\",\"potentialAction\":[{\"@type\":\"SearchAction\",\"target\":{\"@type\":\"EntryPoint\",\"urlTemplate\":\"https:\/\/svenskiptv.org\/?s={search_term_string}\"},\"query-input\":{\"@type\":\"PropertyValueSpecification\",\"valueRequired\":true,\"valueName\":\"search_term_string\"}}],\"inLanguage\":\"nb-NO\"}]}<\/script>\n<!-- \/ Yoast SEO plugin. -->","yoast_head_json":{"title":"Information - Svensk IPTV","description":"IPTV \u00e4r ett helt nytt s\u00e4tt att titta p\u00e5 TV. Du beh\u00f6ver ingen antenn, parabol eller n\u00e5gon annan form utav utrustning. Det enda du beh\u00f6ver \u00e4r en internetuppkoppling med minst 20 Mbit\/s.","robots":{"index":"index","follow":"follow","max-snippet":"max-snippet:-1","max-image-preview":"max-image-preview:large","max-video-preview":"max-video-preview:-1"},"canonical":"https:\/\/svenskiptv.org\/nb\/hjelp\/informasjon\/","og_locale":"nb_NO","og_type":"article","og_title":"Information - Svensk IPTV","og_description":"IPTV \u00e4r ett helt nytt s\u00e4tt att titta p\u00e5 TV. Du beh\u00f6ver ingen antenn, parabol eller n\u00e5gon annan form utav utrustning. Det enda du beh\u00f6ver \u00e4r en internetuppkoppling med minst 20 Mbit\/s.","og_url":"https:\/\/svenskiptv.org\/nb\/hjelp\/informasjon\/","og_site_name":"Svensk IPTV","article_modified_time":"2025-01-10T14:04:47+00:00","twitter_card":"summary_large_image","twitter_misc":{"Ansl. lesetid":"2 minutter"},"schema":{"@context":"https:\/\/schema.org","@graph":[{"@type":"WebPage","@id":"https:\/\/svenskiptv.org\/hjalp\/information\/","url":"https:\/\/svenskiptv.org\/hjalp\/information\/","name":"Information - Svensk IPTV","isPartOf":{"@id":"https:\/\/svenskiptv.org\/#website"},"datePublished":"2021-10-27T18:07:36+00:00","dateModified":"2025-01-10T14:04:47+00:00","description":"IPTV \u00e4r ett helt nytt s\u00e4tt att titta p\u00e5 TV. Du beh\u00f6ver ingen antenn, parabol eller n\u00e5gon annan form utav utrustning. Det enda du beh\u00f6ver \u00e4r en internetuppkoppling med minst 20 Mbit\/s.","breadcrumb":{"@id":"https:\/\/svenskiptv.org\/hjalp\/information\/#breadcrumb"},"inLanguage":"nb-NO","potentialAction":[{"@type":"ReadAction","target":["https:\/\/svenskiptv.org\/hjalp\/information\/"]}]},{"@type":"BreadcrumbList","@id":"https:\/\/svenskiptv.org\/hjalp\/information\/#breadcrumb","itemListElement":[{"@type":"ListItem","position":1,"name":"Home","item":"https:\/\/svenskiptv.org\/"},{"@type":"ListItem","position":2,"name":"Hj\u00e4lp","item":"https:\/\/svenskiptv.org\/hjalp\/"},{"@type":"ListItem","position":3,"name":"Information"}]},{"@type":"WebSite","@id":"https:\/\/svenskiptv.org\/#website","url":"https:\/\/svenskiptv.org\/","name":"Svensk IPTV","description":"St\u00f6rsta leverant\u00f6ren inom IPTV i Sverige","potentialAction":[{"@type":"SearchAction","target":{"@type":"EntryPoint","urlTemplate":"https:\/\/svenskiptv.org\/?s={search_term_string}"},"query-input":{"@type":"PropertyValueSpecification","valueRequired":true,"valueName":"search_term_string"}}],"inLanguage":"nb-NO"}]}},"_links":{"self":[{"href":"https:\/\/svenskiptv.org\/nb\/wp-json\/wp\/v2\/pages\/33","targetHints":{"allow":["GET"]}}],"collection":[{"href":"https:\/\/svenskiptv.org\/nb\/wp-json\/wp\/v2\/pages"}],"about":[{"href":"https:\/\/svenskiptv.org\/nb\/wp-json\/wp\/v2\/types\/page"}],"author":[{"embeddable":true,"href":"https:\/\/svenskiptv.org\/nb\/wp-json\/wp\/v2\/users\/2"}],"replies":[{"embeddable":true,"href":"https:\/\/svenskiptv.org\/nb\/wp-json\/wp\/v2\/comments?post=33"}],"version-history":[{"count":1,"href":"https:\/\/svenskiptv.org\/nb\/wp-json\/wp\/v2\/pages\/33\/revisions"}],"predecessor-version":[{"id":34,"href":"https:\/\/svenskiptv.org\/nb\/wp-json\/wp\/v2\/pages\/33\/revisions\/34"}],"up":[{"embeddable":true,"href":"https:\/\/svenskiptv.org\/nb\/wp-json\/wp\/v2\/pages\/31"}],"wp:attachment":[{"href":"https:\/\/svenskiptv.org\/nb\/wp-json\/wp\/v2\/media?parent=33"}],"curies":[{"name":"wp","href":"https:\/\/api.w.org\/{rel}","templated":true}]}}