{"id":26,"date":"2021-10-27T17:53:28","date_gmt":"2021-10-27T17:53:28","guid":{"rendered":"https:\/\/svenskiptv.org\/?page_id=26"},"modified":"2023-09-17T23:01:06","modified_gmt":"2023-09-17T23:01:06","slug":"jamforelse","status":"publish","type":"page","link":"https:\/\/svenskiptv.org\/en\/comparison\/","title":{"rendered":"Comparison"},"content":{"rendered":"","protected":false},"excerpt":{"rendered":"","protected":false},"author":2,"featured_media":0,"parent":0,"menu_order":0,"comment_status":"closed","ping_status":"closed","template":"","meta":{"footnotes":""},"class_list":["post-26","page","type-page","status-publish","hentry"],"yoast_head":"<!-- This site is optimized with the Yoast SEO plugin v25.9 - https:\/\/yoast.com\/wordpress\/plugins\/seo\/ -->\n<title>J\u00e4mf\u00f6relse - Svensk IPTV<\/title>\n<meta name=\"description\" content=\"Utforska v\u00e5ra prisv\u00e4rda streamingtj\u00e4nster och s\u00e4kra tillg\u00e5ng till ett m\u00e5ngsidigt utbud av inneh\u00e5ll, inklusive sport, filmer och TV-serier. Spara pengar samtidigt som du njuter av kvalitetsunderh\u00e5llning.\" \/>\n<meta name=\"robots\" content=\"index, follow, max-snippet:-1, max-image-preview:large, max-video-preview:-1\" \/>\n<link rel=\"canonical\" href=\"https:\/\/svenskiptv.org\/en\/comparison\/\" \/>\n<meta property=\"og:locale\" content=\"en_US\" \/>\n<meta property=\"og:type\" content=\"article\" \/>\n<meta property=\"og:title\" content=\"J\u00e4mf\u00f6relse - Svensk IPTV\" \/>\n<meta property=\"og:description\" content=\"Utforska v\u00e5ra prisv\u00e4rda streamingtj\u00e4nster och s\u00e4kra tillg\u00e5ng till ett m\u00e5ngsidigt utbud av inneh\u00e5ll, inklusive sport, filmer och TV-serier. Spara pengar samtidigt som du njuter av kvalitetsunderh\u00e5llning.\" \/>\n<meta property=\"og:url\" content=\"https:\/\/svenskiptv.org\/en\/comparison\/\" \/>\n<meta property=\"og:site_name\" content=\"Svensk IPTV\" \/>\n<meta property=\"article:modified_time\" content=\"2023-09-17T23:01:06+00:00\" \/>\n<meta name=\"twitter:card\" content=\"summary_large_image\" \/>\n<script type=\"application\/ld+json\" class=\"yoast-schema-graph\">{\"@context\":\"https:\/\/schema.org\",\"@graph\":[{\"@type\":\"WebPage\",\"@id\":\"https:\/\/svenskiptv.org\/jamforelse\/\",\"url\":\"https:\/\/svenskiptv.org\/jamforelse\/\",\"name\":\"J\u00e4mf\u00f6relse - Svensk IPTV\",\"isPartOf\":{\"@id\":\"https:\/\/svenskiptv.org\/#website\"},\"datePublished\":\"2021-10-27T17:53:28+00:00\",\"dateModified\":\"2023-09-17T23:01:06+00:00\",\"description\":\"Utforska v\u00e5ra prisv\u00e4rda streamingtj\u00e4nster och s\u00e4kra tillg\u00e5ng till ett m\u00e5ngsidigt utbud av inneh\u00e5ll, inklusive sport, filmer och TV-serier. Spara pengar samtidigt som du njuter av kvalitetsunderh\u00e5llning.\",\"breadcrumb\":{\"@id\":\"https:\/\/svenskiptv.org\/jamforelse\/#breadcrumb\"},\"inLanguage\":\"en-US\",\"potentialAction\":[{\"@type\":\"ReadAction\",\"target\":[\"https:\/\/svenskiptv.org\/jamforelse\/\"]}]},{\"@type\":\"BreadcrumbList\",\"@id\":\"https:\/\/svenskiptv.org\/jamforelse\/#breadcrumb\",\"itemListElement\":[{\"@type\":\"ListItem\",\"position\":1,\"name\":\"Home\",\"item\":\"https:\/\/svenskiptv.org\/\"},{\"@type\":\"ListItem\",\"position\":2,\"name\":\"J\u00e4mf\u00f6relse\"}]},{\"@type\":\"WebSite\",\"@id\":\"https:\/\/svenskiptv.org\/#website\",\"url\":\"https:\/\/svenskiptv.org\/\",\"name\":\"Svensk IPTV\",\"description\":\"St\u00f6rsta leverant\u00f6ren inom IPTV i Sverige\",\"potentialAction\":[{\"@type\":\"SearchAction\",\"target\":{\"@type\":\"EntryPoint\",\"urlTemplate\":\"https:\/\/svenskiptv.org\/?s={search_term_string}\"},\"query-input\":{\"@type\":\"PropertyValueSpecification\",\"valueRequired\":true,\"valueName\":\"search_term_string\"}}],\"inLanguage\":\"en-US\"}]}<\/script>\n<!-- \/ Yoast SEO plugin. -->","yoast_head_json":{"title":"J\u00e4mf\u00f6relse - Svensk IPTV","description":"Utforska v\u00e5ra prisv\u00e4rda streamingtj\u00e4nster och s\u00e4kra tillg\u00e5ng till ett m\u00e5ngsidigt utbud av inneh\u00e5ll, inklusive sport, filmer och TV-serier. Spara pengar samtidigt som du njuter av kvalitetsunderh\u00e5llning.","robots":{"index":"index","follow":"follow","max-snippet":"max-snippet:-1","max-image-preview":"max-image-preview:large","max-video-preview":"max-video-preview:-1"},"canonical":"https:\/\/svenskiptv.org\/en\/comparison\/","og_locale":"en_US","og_type":"article","og_title":"J\u00e4mf\u00f6relse - Svensk IPTV","og_description":"Utforska v\u00e5ra prisv\u00e4rda streamingtj\u00e4nster och s\u00e4kra tillg\u00e5ng till ett m\u00e5ngsidigt utbud av inneh\u00e5ll, inklusive sport, filmer och TV-serier. Spara pengar samtidigt som du njuter av kvalitetsunderh\u00e5llning.","og_url":"https:\/\/svenskiptv.org\/en\/comparison\/","og_site_name":"Svensk IPTV","article_modified_time":"2023-09-17T23:01:06+00:00","twitter_card":"summary_large_image","schema":{"@context":"https:\/\/schema.org","@graph":[{"@type":"WebPage","@id":"https:\/\/svenskiptv.org\/jamforelse\/","url":"https:\/\/svenskiptv.org\/jamforelse\/","name":"J\u00e4mf\u00f6relse - Svensk IPTV","isPartOf":{"@id":"https:\/\/svenskiptv.org\/#website"},"datePublished":"2021-10-27T17:53:28+00:00","dateModified":"2023-09-17T23:01:06+00:00","description":"Utforska v\u00e5ra prisv\u00e4rda streamingtj\u00e4nster och s\u00e4kra tillg\u00e5ng till ett m\u00e5ngsidigt utbud av inneh\u00e5ll, inklusive sport, filmer och TV-serier. Spara pengar samtidigt som du njuter av kvalitetsunderh\u00e5llning.","breadcrumb":{"@id":"https:\/\/svenskiptv.org\/jamforelse\/#breadcrumb"},"inLanguage":"en-US","potentialAction":[{"@type":"ReadAction","target":["https:\/\/svenskiptv.org\/jamforelse\/"]}]},{"@type":"BreadcrumbList","@id":"https:\/\/svenskiptv.org\/jamforelse\/#breadcrumb","itemListElement":[{"@type":"ListItem","position":1,"name":"Home","item":"https:\/\/svenskiptv.org\/"},{"@type":"ListItem","position":2,"name":"J\u00e4mf\u00f6relse"}]},{"@type":"WebSite","@id":"https:\/\/svenskiptv.org\/#website","url":"https:\/\/svenskiptv.org\/","name":"Svensk IPTV","description":"St\u00f6rsta leverant\u00f6ren inom IPTV i Sverige","potentialAction":[{"@type":"SearchAction","target":{"@type":"EntryPoint","urlTemplate":"https:\/\/svenskiptv.org\/?s={search_term_string}"},"query-input":{"@type":"PropertyValueSpecification","valueRequired":true,"valueName":"search_term_string"}}],"inLanguage":"en-US"}]}},"_links":{"self":[{"href":"https:\/\/svenskiptv.org\/en\/wp-json\/wp\/v2\/pages\/26","targetHints":{"allow":["GET"]}}],"collection":[{"href":"https:\/\/svenskiptv.org\/en\/wp-json\/wp\/v2\/pages"}],"about":[{"href":"https:\/\/svenskiptv.org\/en\/wp-json\/wp\/v2\/types\/page"}],"author":[{"embeddable":true,"href":"https:\/\/svenskiptv.org\/en\/wp-json\/wp\/v2\/users\/2"}],"replies":[{"embeddable":true,"href":"https:\/\/svenskiptv.org\/en\/wp-json\/wp\/v2\/comments?post=26"}],"version-history":[{"count":2,"href":"https:\/\/svenskiptv.org\/en\/wp-json\/wp\/v2\/pages\/26\/revisions"}],"predecessor-version":[{"id":419,"href":"https:\/\/svenskiptv.org\/en\/wp-json\/wp\/v2\/pages\/26\/revisions\/419"}],"wp:attachment":[{"href":"https:\/\/svenskiptv.org\/en\/wp-json\/wp\/v2\/media?parent=26"}],"curies":[{"name":"wp","href":"https:\/\/api.w.org\/{rel}","templated":true}]}}