{"id":203,"date":"2021-11-03T13:01:22","date_gmt":"2021-11-03T13:01:22","guid":{"rendered":"https:\/\/svenskiptv.org\/?page_id=203"},"modified":"2021-11-09T23:48:51","modified_gmt":"2021-11-09T23:48:51","slug":"sport","status":"publish","type":"page","link":"https:\/\/svenskiptv.org\/da\/sport\/","title":{"rendered":"Sport"},"content":{"rendered":"","protected":false},"excerpt":{"rendered":"","protected":false},"author":2,"featured_media":0,"parent":0,"menu_order":0,"comment_status":"closed","ping_status":"closed","template":"","meta":{"footnotes":""},"class_list":["post-203","page","type-page","status-publish","hentry"],"yoast_head":"<!-- This site is optimized with the Yoast SEO plugin v25.9 - https:\/\/yoast.com\/wordpress\/plugins\/seo\/ -->\n<title>Utbud Sport - Svensk IPTV<\/title>\n<meta name=\"description\" content=\"Missa inga viktiga sportevenemang! H\u00e4r p\u00e5 Svensk IPTV hittar du alla tider, matcher och kanaler f\u00f6r sport p\u00e5 TV. Testa gratis.\" \/>\n<meta name=\"robots\" content=\"index, follow, max-snippet:-1, max-image-preview:large, max-video-preview:-1\" \/>\n<link rel=\"canonical\" href=\"https:\/\/svenskiptv.org\/da\/sport\/\" \/>\n<meta property=\"og:locale\" content=\"da_DK\" \/>\n<meta property=\"og:type\" content=\"article\" \/>\n<meta property=\"og:title\" content=\"Utbud Sport - Svensk IPTV\" \/>\n<meta property=\"og:description\" content=\"Missa inga viktiga sportevenemang! H\u00e4r p\u00e5 Svensk IPTV hittar du alla tider, matcher och kanaler f\u00f6r sport p\u00e5 TV. Testa gratis.\" \/>\n<meta property=\"og:url\" content=\"https:\/\/svenskiptv.org\/da\/sport\/\" \/>\n<meta property=\"og:site_name\" content=\"Svensk IPTV\" \/>\n<meta property=\"article:modified_time\" content=\"2021-11-09T23:48:51+00:00\" \/>\n<meta name=\"twitter:card\" content=\"summary_large_image\" \/>\n<script type=\"application\/ld+json\" class=\"yoast-schema-graph\">{\"@context\":\"https:\/\/schema.org\",\"@graph\":[{\"@type\":\"WebPage\",\"@id\":\"https:\/\/svenskiptv.org\/sport\/\",\"url\":\"https:\/\/svenskiptv.org\/sport\/\",\"name\":\"Utbud Sport - Svensk IPTV\",\"isPartOf\":{\"@id\":\"https:\/\/svenskiptv.org\/#website\"},\"datePublished\":\"2021-11-03T13:01:22+00:00\",\"dateModified\":\"2021-11-09T23:48:51+00:00\",\"description\":\"Missa inga viktiga sportevenemang! H\u00e4r p\u00e5 Svensk IPTV hittar du alla tider, matcher och kanaler f\u00f6r sport p\u00e5 TV. Testa gratis.\",\"breadcrumb\":{\"@id\":\"https:\/\/svenskiptv.org\/sport\/#breadcrumb\"},\"inLanguage\":\"da-DK\",\"potentialAction\":[{\"@type\":\"ReadAction\",\"target\":[\"https:\/\/svenskiptv.org\/sport\/\"]}]},{\"@type\":\"BreadcrumbList\",\"@id\":\"https:\/\/svenskiptv.org\/sport\/#breadcrumb\",\"itemListElement\":[{\"@type\":\"ListItem\",\"position\":1,\"name\":\"Home\",\"item\":\"https:\/\/svenskiptv.org\/\"},{\"@type\":\"ListItem\",\"position\":2,\"name\":\"Sport\"}]},{\"@type\":\"WebSite\",\"@id\":\"https:\/\/svenskiptv.org\/#website\",\"url\":\"https:\/\/svenskiptv.org\/\",\"name\":\"Svensk IPTV\",\"description\":\"St\u00f6rsta leverant\u00f6ren inom IPTV i Sverige\",\"potentialAction\":[{\"@type\":\"SearchAction\",\"target\":{\"@type\":\"EntryPoint\",\"urlTemplate\":\"https:\/\/svenskiptv.org\/?s={search_term_string}\"},\"query-input\":{\"@type\":\"PropertyValueSpecification\",\"valueRequired\":true,\"valueName\":\"search_term_string\"}}],\"inLanguage\":\"da-DK\"}]}<\/script>\n<!-- \/ Yoast SEO plugin. -->","yoast_head_json":{"title":"Utbud Sport - Svensk IPTV","description":"Missa inga viktiga sportevenemang! H\u00e4r p\u00e5 Svensk IPTV hittar du alla tider, matcher och kanaler f\u00f6r sport p\u00e5 TV. Testa gratis.","robots":{"index":"index","follow":"follow","max-snippet":"max-snippet:-1","max-image-preview":"max-image-preview:large","max-video-preview":"max-video-preview:-1"},"canonical":"https:\/\/svenskiptv.org\/da\/sport\/","og_locale":"da_DK","og_type":"article","og_title":"Utbud Sport - Svensk IPTV","og_description":"Missa inga viktiga sportevenemang! H\u00e4r p\u00e5 Svensk IPTV hittar du alla tider, matcher och kanaler f\u00f6r sport p\u00e5 TV. Testa gratis.","og_url":"https:\/\/svenskiptv.org\/da\/sport\/","og_site_name":"Svensk IPTV","article_modified_time":"2021-11-09T23:48:51+00:00","twitter_card":"summary_large_image","schema":{"@context":"https:\/\/schema.org","@graph":[{"@type":"WebPage","@id":"https:\/\/svenskiptv.org\/sport\/","url":"https:\/\/svenskiptv.org\/sport\/","name":"Utbud Sport - Svensk IPTV","isPartOf":{"@id":"https:\/\/svenskiptv.org\/#website"},"datePublished":"2021-11-03T13:01:22+00:00","dateModified":"2021-11-09T23:48:51+00:00","description":"Missa inga viktiga sportevenemang! H\u00e4r p\u00e5 Svensk IPTV hittar du alla tider, matcher och kanaler f\u00f6r sport p\u00e5 TV. Testa gratis.","breadcrumb":{"@id":"https:\/\/svenskiptv.org\/sport\/#breadcrumb"},"inLanguage":"da-DK","potentialAction":[{"@type":"ReadAction","target":["https:\/\/svenskiptv.org\/sport\/"]}]},{"@type":"BreadcrumbList","@id":"https:\/\/svenskiptv.org\/sport\/#breadcrumb","itemListElement":[{"@type":"ListItem","position":1,"name":"Home","item":"https:\/\/svenskiptv.org\/"},{"@type":"ListItem","position":2,"name":"Sport"}]},{"@type":"WebSite","@id":"https:\/\/svenskiptv.org\/#website","url":"https:\/\/svenskiptv.org\/","name":"Svensk IPTV","description":"St\u00f6rsta leverant\u00f6ren inom IPTV i Sverige","potentialAction":[{"@type":"SearchAction","target":{"@type":"EntryPoint","urlTemplate":"https:\/\/svenskiptv.org\/?s={search_term_string}"},"query-input":{"@type":"PropertyValueSpecification","valueRequired":true,"valueName":"search_term_string"}}],"inLanguage":"da-DK"}]}},"_links":{"self":[{"href":"https:\/\/svenskiptv.org\/da\/wp-json\/wp\/v2\/pages\/203","targetHints":{"allow":["GET"]}}],"collection":[{"href":"https:\/\/svenskiptv.org\/da\/wp-json\/wp\/v2\/pages"}],"about":[{"href":"https:\/\/svenskiptv.org\/da\/wp-json\/wp\/v2\/types\/page"}],"author":[{"embeddable":true,"href":"https:\/\/svenskiptv.org\/da\/wp-json\/wp\/v2\/users\/2"}],"replies":[{"embeddable":true,"href":"https:\/\/svenskiptv.org\/da\/wp-json\/wp\/v2\/comments?post=203"}],"version-history":[{"count":3,"href":"https:\/\/svenskiptv.org\/da\/wp-json\/wp\/v2\/pages\/203\/revisions"}],"predecessor-version":[{"id":283,"href":"https:\/\/svenskiptv.org\/da\/wp-json\/wp\/v2\/pages\/203\/revisions\/283"}],"wp:attachment":[{"href":"https:\/\/svenskiptv.org\/da\/wp-json\/wp\/v2\/media?parent=203"}],"curies":[{"name":"wp","href":"https:\/\/api.w.org\/{rel}","templated":true}]}}